{"id":13,"date":"2024-10-26T16:20:47","date_gmt":"2024-10-26T16:20:47","guid":{"rendered":"https:\/\/bilverkstad-oland.se\/?page_id=13"},"modified":"2024-10-28T06:25:44","modified_gmt":"2024-10-28T06:25:44","slug":"bilverkstad-oland","status":"publish","type":"page","link":"https:\/\/bilverkstad-oland.se\/","title":{"rendered":"BILVERKSTAD \u00d6LAND"},"content":{"rendered":"\t\t<div data-elementor-type=\"wp-page\" data-elementor-id=\"13\" class=\"elementor elementor-13\" data-elementor-post-type=\"page\">\n\t\t\t\t<div class=\"elementor-element elementor-element-76e7672 e-flex e-con-boxed e-con e-parent\" data-id=\"76e7672\" data-element_type=\"container\">\n\t\t\t\t\t<div class=\"e-con-inner\">\n\t\t\t\t<div class=\"elementor-element elementor-element-f9c7cd8 elementor-widget elementor-widget-spacer\" data-id=\"f9c7cd8\" data-element_type=\"widget\" data-widget_type=\"spacer.default\">\n\t\t\t\t<div class=\"elementor-widget-container\">\n\t\t\t\t\t\t\t<div class=\"elementor-spacer\">\n\t\t\t<div class=\"elementor-spacer-inner\"><\/div>\n\t\t<\/div>\n\t\t\t\t\t\t<\/div>\n\t\t\t\t<\/div>\n\t\t\t\t\t<\/div>\n\t\t\t\t<\/div>\n\t\t<div class=\"elementor-element elementor-element-ddba95e e-grid e-con-boxed e-con e-parent\" data-id=\"ddba95e\" data-element_type=\"container\">\n\t\t\t\t\t<div class=\"e-con-inner\">\n\t\t\t\t<div class=\"elementor-element elementor-element-28bdbb0 elementor-widget elementor-widget-image\" data-id=\"28bdbb0\" data-element_type=\"widget\" data-widget_type=\"image.default\">\n\t\t\t\t<div class=\"elementor-widget-container\">\n\t\t\t\t\t\t\t\t\t\t\t\t\t\t\t<img fetchpriority=\"high\" decoding=\"async\" width=\"300\" height=\"300\" src=\"https:\/\/bilverkstad-oland.se\/wp-content\/uploads\/2024\/10\/ac-verkstad-oland-1-300x300.png\" class=\"attachment-medium size-medium wp-image-43\" alt=\"\" srcset=\"https:\/\/bilverkstad-oland.se\/wp-content\/uploads\/2024\/10\/ac-verkstad-oland-1-300x300.png 300w, https:\/\/bilverkstad-oland.se\/wp-content\/uploads\/2024\/10\/ac-verkstad-oland-1-150x150.png 150w, https:\/\/bilverkstad-oland.se\/wp-content\/uploads\/2024\/10\/ac-verkstad-oland-1.png 600w\" sizes=\"(max-width: 300px) 100vw, 300px\" \/>\t\t\t\t\t\t\t\t\t\t\t\t\t\t\t<\/div>\n\t\t\t\t<\/div>\n\t\t\t\t<div class=\"elementor-element elementor-element-c181e7f elementor-widget elementor-widget-text-editor\" data-id=\"c181e7f\" data-element_type=\"widget\" data-widget_type=\"text-editor.default\">\n\t\t\t\t<div class=\"elementor-widget-container\">\n\t\t\t\t\t\t\t\t\t<div class=\"xv55zj0 x1vvkbs x1rg5ohu xxymvpz\"><div class=\"xmjcpbm x1tlxs6b x1g8br2z x1gn5b1j x230xth x9f619 xzsf02u x1rg5ohu xdj266r x11i5rnm xat24cr x1mh8g0r x193iq5w x1mzt3pk x1n2onr6 xeaf4i8 x13faqbe\"><div>AC Verkstaden \u00d6land<br \/>Certifierad Verkstad f\u00f6r reparation av din ac.<br \/><a href=\"http:\/\/ac-verkstadoland.se\">ac-verkstadoland.se<\/a><\/div><div>\u00a0<\/div><div class=\"xwib8y2 xn6708d x1ye3gou x1y1aw1k\"><span class=\"xt0psk2\"><a class=\"x1i10hfl xjbqb8w x1ejq31n xd10rxx x1sy0etr x17r0tee x972fbf xcfux6l x1qhh985 xm0m39n x9f619 x1ypdohk xt0psk2 xe8uvvx xdj266r x11i5rnm xat24cr x1mh8g0r xexx8yu x4uap5 x18d9i69 xkhd6sd x16tdsg8 x1hl2dhg xggy1nq x1a2a7pz x1heor9g x1sur9pj xkrqix3\" tabindex=\"0\" role=\"link\" href=\"https:\/\/www.facebook.com\/profile.php?id=61557491154063&amp;comment_id=Y29tbWVudDoxMTQ4ODU3NTQ5OTY2MDZfNDczMjM2MTk1NjQ5MTEx&amp;__cft__[0]=AZU4CT7AADJfYc367JZuajR218LB0_HNBrxj_9P_BU3wQSNrNRhL7Y7nZ61jl5jbF5XecbwXSruhskcrv6vh6rqwzhfP9A0QMFqOhClOEZzdyTt1oYPeceg14i6w5nDOUnNou94xp3qmtdRNkxWUTFgS0tZhdWw3oxgf3wB44HfdfW46DLuRkQhkUoxRqXxpyyM&amp;__tn__=R-R\" aria-hidden=\"false\"><span class=\"x3nfvp2\"><span class=\"x193iq5w xeuugli x13faqbe x1vvkbs x1xmvt09 x1lliihq x1s928wv xhkezso x1gmr53x x1cpjm7i x1fgarty x1943h6x x4zkp8e x676frb x1nxh6w3 x1sibtaa x1s688f xzsf02u\" dir=\"auto\">Svante Wennberg<\/span><\/span><\/a><\/span><div class=\"x1lliihq xjkvuk6 x1iorvi4\"><div class=\"xdj266r x11i5rnm xat24cr x1mh8g0r x1vvkbs\"><div dir=\"auto\">Rekommenderar, har varit d\u00e4r och fixat min AC. Allt till bel\u00e5tenhet, snabbt avklarat och bra pris!<\/div><\/div><\/div><\/div><\/div><\/div><p><br \/><br \/><\/p>\t\t\t\t\t\t\t\t<\/div>\n\t\t\t\t<\/div>\n\t\t\t\t\t<\/div>\n\t\t\t\t<\/div>\n\t\t<div class=\"elementor-element elementor-element-33fde6c e-flex e-con-boxed e-con e-parent\" data-id=\"33fde6c\" data-element_type=\"container\">\n\t\t\t\t\t<div class=\"e-con-inner\">\n\t\t\t\t<div class=\"elementor-element elementor-element-2701db4 elementor-widget-divider--view-line elementor-widget elementor-widget-divider\" data-id=\"2701db4\" data-element_type=\"widget\" data-widget_type=\"divider.default\">\n\t\t\t\t<div class=\"elementor-widget-container\">\n\t\t\t\t\t\t\t<div class=\"elementor-divider\">\n\t\t\t<span class=\"elementor-divider-separator\">\n\t\t\t\t\t\t<\/span>\n\t\t<\/div>\n\t\t\t\t\t\t<\/div>\n\t\t\t\t<\/div>\n\t\t\t\t\t<\/div>\n\t\t\t\t<\/div>\n\t\t<div class=\"elementor-element elementor-element-440f6f3 e-grid e-con-boxed e-con e-parent\" data-id=\"440f6f3\" data-element_type=\"container\">\n\t\t\t\t\t<div class=\"e-con-inner\">\n\t\t\t\t<div class=\"elementor-element elementor-element-27da8a2 elementor-widget elementor-widget-image\" data-id=\"27da8a2\" data-element_type=\"widget\" data-widget_type=\"image.default\">\n\t\t\t\t<div class=\"elementor-widget-container\">\n\t\t\t\t\t\t\t\t\t\t\t\t\t\t\t<img decoding=\"async\" width=\"295\" height=\"300\" src=\"https:\/\/bilverkstad-oland.se\/wp-content\/uploads\/2024\/10\/mc-verkstad-295x300.png\" class=\"attachment-medium size-medium wp-image-41\" alt=\"\" srcset=\"https:\/\/bilverkstad-oland.se\/wp-content\/uploads\/2024\/10\/mc-verkstad-295x300.png 295w, https:\/\/bilverkstad-oland.se\/wp-content\/uploads\/2024\/10\/mc-verkstad-1006x1024.png 1006w, https:\/\/bilverkstad-oland.se\/wp-content\/uploads\/2024\/10\/mc-verkstad-768x781.png 768w, https:\/\/bilverkstad-oland.se\/wp-content\/uploads\/2024\/10\/mc-verkstad.png 1434w\" sizes=\"(max-width: 295px) 100vw, 295px\" \/>\t\t\t\t\t\t\t\t\t\t\t\t\t\t\t<\/div>\n\t\t\t\t<\/div>\n\t\t\t\t<div class=\"elementor-element elementor-element-3a08314 elementor-widget elementor-widget-text-editor\" data-id=\"3a08314\" data-element_type=\"widget\" data-widget_type=\"text-editor.default\">\n\t\t\t\t<div class=\"elementor-widget-container\">\n\t\t\t\t\t\t\t\t\t<div class=\"xv55zj0 x1vvkbs x1rg5ohu xxymvpz\"><div class=\"xmjcpbm x1tlxs6b x1g8br2z x1gn5b1j x230xth x9f619 xzsf02u x1rg5ohu xdj266r x11i5rnm xat24cr x1mh8g0r x193iq5w x1mzt3pk x1n2onr6 xeaf4i8 x13faqbe\"><div>MC Verkstaden \u00d6land<br \/>Reparation av Motorcyklar.<br \/><a href=\"http:\/\/mc-verkstadoland.se\">mc-verkstadoland.se<\/a><\/div><div>\u00a0<\/div><div class=\"xwib8y2 xn6708d x1ye3gou x1y1aw1k\"><div class=\"x1lliihq xjkvuk6 x1iorvi4\"><div class=\"xdj266r x11i5rnm xat24cr x1mh8g0r x1vvkbs\"><div dir=\"auto\">\u00a0<\/div><\/div><\/div><\/div><\/div><\/div>\t\t\t\t\t\t\t\t<\/div>\n\t\t\t\t<\/div>\n\t\t\t\t\t<\/div>\n\t\t\t\t<\/div>\n\t\t<div class=\"elementor-element elementor-element-8345cce e-flex e-con-boxed e-con e-parent\" data-id=\"8345cce\" data-element_type=\"container\">\n\t\t\t\t\t<div class=\"e-con-inner\">\n\t\t\t\t<div class=\"elementor-element elementor-element-c87460a elementor-widget-divider--view-line elementor-widget elementor-widget-divider\" data-id=\"c87460a\" data-element_type=\"widget\" data-widget_type=\"divider.default\">\n\t\t\t\t<div class=\"elementor-widget-container\">\n\t\t\t\t\t\t\t<div class=\"elementor-divider\">\n\t\t\t<span class=\"elementor-divider-separator\">\n\t\t\t\t\t\t<\/span>\n\t\t<\/div>\n\t\t\t\t\t\t<\/div>\n\t\t\t\t<\/div>\n\t\t\t\t\t<\/div>\n\t\t\t\t<\/div>\n\t\t<div class=\"elementor-element elementor-element-6cf7c28 e-grid e-con-boxed e-con e-parent\" data-id=\"6cf7c28\" data-element_type=\"container\">\n\t\t\t\t\t<div class=\"e-con-inner\">\n\t\t\t\t<div class=\"elementor-element elementor-element-b983433 elementor-widget elementor-widget-image\" data-id=\"b983433\" data-element_type=\"widget\" data-widget_type=\"image.default\">\n\t\t\t\t<div class=\"elementor-widget-container\">\n\t\t\t\t\t\t\t\t\t\t\t\t\t\t\t<img decoding=\"async\" width=\"295\" height=\"300\" src=\"https:\/\/bilverkstad-oland.se\/wp-content\/uploads\/2024\/10\/logo-moped-295x300.png\" class=\"attachment-medium size-medium wp-image-82\" alt=\"\" srcset=\"https:\/\/bilverkstad-oland.se\/wp-content\/uploads\/2024\/10\/logo-moped-295x300.png 295w, https:\/\/bilverkstad-oland.se\/wp-content\/uploads\/2024\/10\/logo-moped-768x781.png 768w, https:\/\/bilverkstad-oland.se\/wp-content\/uploads\/2024\/10\/logo-moped.png 783w\" sizes=\"(max-width: 295px) 100vw, 295px\" \/>\t\t\t\t\t\t\t\t\t\t\t\t\t\t\t<\/div>\n\t\t\t\t<\/div>\n\t\t\t\t<div class=\"elementor-element elementor-element-8fcb36d elementor-widget elementor-widget-text-editor\" data-id=\"8fcb36d\" data-element_type=\"widget\" data-widget_type=\"text-editor.default\">\n\t\t\t\t<div class=\"elementor-widget-container\">\n\t\t\t\t\t\t\t\t\t<div class=\"xv55zj0 x1vvkbs x1rg5ohu xxymvpz\"><div class=\"xmjcpbm x1tlxs6b x1g8br2z x1gn5b1j x230xth x9f619 xzsf02u x1rg5ohu xdj266r x11i5rnm xat24cr x1mh8g0r x193iq5w x1mzt3pk x1n2onr6 xeaf4i8 x13faqbe\"><div>Moped Verkstaden \u00d6land<br \/>Reparation av mopeder.<br \/><a href=\"http:\/\/moped-verkstadoland.se\">moped-verkstadoland.se<\/a><\/div><div>\u00a0<\/div><div class=\"xwib8y2 xn6708d x1ye3gou x1y1aw1k\"><div class=\"x1lliihq xjkvuk6 x1iorvi4\"><div class=\"xdj266r x11i5rnm xat24cr x1mh8g0r x1vvkbs\"><div dir=\"auto\">\u00a0<\/div><\/div><\/div><\/div><\/div><\/div>\t\t\t\t\t\t\t\t<\/div>\n\t\t\t\t<\/div>\n\t\t\t\t\t<\/div>\n\t\t\t\t<\/div>\n\t\t<div class=\"elementor-element elementor-element-765da85 e-flex e-con-boxed e-con e-parent\" data-id=\"765da85\" data-element_type=\"container\">\n\t\t\t\t\t<div class=\"e-con-inner\">\n\t\t\t\t<div class=\"elementor-element elementor-element-aa73d10 elementor-widget elementor-widget-spacer\" data-id=\"aa73d10\" data-element_type=\"widget\" data-widget_type=\"spacer.default\">\n\t\t\t\t<div class=\"elementor-widget-container\">\n\t\t\t\t\t\t\t<div class=\"elementor-spacer\">\n\t\t\t<div class=\"elementor-spacer-inner\"><\/div>\n\t\t<\/div>\n\t\t\t\t\t\t<\/div>\n\t\t\t\t<\/div>\n\t\t\t\t\t<\/div>\n\t\t\t\t<\/div>\n\t\t\t\t<\/div>\n\t\t","protected":false},"excerpt":{"rendered":"<p>AC Verkstaden \u00d6land Certifierad Verkstad f\u00f6r reparation av din ac. ac-verkstadoland.se\u00a0Svante WennbergRekommenderar, har varit d\u00e4r och fixat min AC. Allt till bel\u00e5tenhet, snabbt avklarat och bra pris! MC Verkstaden \u00d6land Reparation av Motorcyklar. mc-verkstadoland.se Moped Verkstaden \u00d6land Reparation av mopeder. moped-verkstadoland.se<\/p>\n","protected":false},"author":1,"featured_media":0,"parent":0,"menu_order":0,"comment_status":"closed","ping_status":"closed","template":"elementor_header_footer","meta":{"footnotes":""},"class_list":["post-13","page","type-page","status-publish","hentry"],"yoast_head":"<!-- This site is optimized with the Yoast SEO plugin v24.5 - https:\/\/yoast.com\/wordpress\/plugins\/seo\/ -->\n<title>BILVERKSTAD \u00d6LAND<\/title>\n<meta name=\"description\" content=\"H\u00e4r hittar du l\u00e4nkar till de b\u00e4sta verkst\u00e4derna p\u00e5 \u00d6land. Reparation av MC, Moped och AC service med certifiering.\" \/>\n<meta name=\"robots\" content=\"index, follow, max-snippet:-1, max-image-preview:large, max-video-preview:-1\" \/>\n<link rel=\"canonical\" href=\"https:\/\/bilverkstad-oland.se\/\" \/>\n<meta property=\"og:locale\" content=\"en_US\" \/>\n<meta property=\"og:type\" content=\"article\" \/>\n<meta property=\"og:title\" content=\"BILVERKSTAD \u00d6LAND\" \/>\n<meta property=\"og:description\" content=\"H\u00e4r hittar du l\u00e4nkar till de b\u00e4sta verkst\u00e4derna p\u00e5 \u00d6land. Reparation av MC, Moped och AC service med certifiering.\" \/>\n<meta property=\"og:url\" content=\"https:\/\/bilverkstad-oland.se\/\" \/>\n<meta property=\"og:site_name\" content=\"Bilverkstad \u00d6land\" \/>\n<meta property=\"article:modified_time\" content=\"2024-10-28T06:25:44+00:00\" \/>\n<meta property=\"og:image\" content=\"https:\/\/bilverkstad-oland.se\/wp-content\/uploads\/2024\/10\/ac-verkstad-oland-1-300x300.png\" \/>\n<meta name=\"twitter:card\" content=\"summary_large_image\" \/>\n<meta name=\"twitter:label1\" content=\"Est. reading time\" \/>\n\t<meta name=\"twitter:data1\" content=\"1 minute\" \/>\n<script type=\"application\/ld+json\" class=\"yoast-schema-graph\">{\"@context\":\"https:\/\/schema.org\",\"@graph\":[{\"@type\":\"WebPage\",\"@id\":\"https:\/\/bilverkstad-oland.se\/\",\"url\":\"https:\/\/bilverkstad-oland.se\/\",\"name\":\"BILVERKSTAD \u00d6LAND\",\"isPartOf\":{\"@id\":\"https:\/\/bilverkstad-oland.se\/#website\"},\"primaryImageOfPage\":{\"@id\":\"https:\/\/bilverkstad-oland.se\/#primaryimage\"},\"image\":{\"@id\":\"https:\/\/bilverkstad-oland.se\/#primaryimage\"},\"thumbnailUrl\":\"https:\/\/bilverkstad-oland.se\/wp-content\/uploads\/2024\/10\/ac-verkstad-oland-1-300x300.png\",\"datePublished\":\"2024-10-26T16:20:47+00:00\",\"dateModified\":\"2024-10-28T06:25:44+00:00\",\"description\":\"H\u00e4r hittar du l\u00e4nkar till de b\u00e4sta verkst\u00e4derna p\u00e5 \u00d6land. Reparation av MC, Moped och AC service med certifiering.\",\"breadcrumb\":{\"@id\":\"https:\/\/bilverkstad-oland.se\/#breadcrumb\"},\"inLanguage\":\"en-US\",\"potentialAction\":[{\"@type\":\"ReadAction\",\"target\":[\"https:\/\/bilverkstad-oland.se\/\"]}]},{\"@type\":\"ImageObject\",\"inLanguage\":\"en-US\",\"@id\":\"https:\/\/bilverkstad-oland.se\/#primaryimage\",\"url\":\"https:\/\/bilverkstad-oland.se\/wp-content\/uploads\/2024\/10\/ac-verkstad-oland-1.png\",\"contentUrl\":\"https:\/\/bilverkstad-oland.se\/wp-content\/uploads\/2024\/10\/ac-verkstad-oland-1.png\",\"width\":600,\"height\":600},{\"@type\":\"BreadcrumbList\",\"@id\":\"https:\/\/bilverkstad-oland.se\/#breadcrumb\",\"itemListElement\":[{\"@type\":\"ListItem\",\"position\":1,\"name\":\"Home\",\"item\":\"https:\/\/bilverkstad-oland.se\/\"},{\"@type\":\"ListItem\",\"position\":2,\"name\":\"BILVERKSTAD \u00d6LAND\"}]},{\"@type\":\"WebSite\",\"@id\":\"https:\/\/bilverkstad-oland.se\/#website\",\"url\":\"https:\/\/bilverkstad-oland.se\/\",\"name\":\"Bilverkstad \u00d6land\",\"description\":\"\",\"publisher\":{\"@id\":\"https:\/\/bilverkstad-oland.se\/#organization\"},\"potentialAction\":[{\"@type\":\"SearchAction\",\"target\":{\"@type\":\"EntryPoint\",\"urlTemplate\":\"https:\/\/bilverkstad-oland.se\/?s={search_term_string}\"},\"query-input\":{\"@type\":\"PropertyValueSpecification\",\"valueRequired\":true,\"valueName\":\"search_term_string\"}}],\"inLanguage\":\"en-US\"},{\"@type\":\"Organization\",\"@id\":\"https:\/\/bilverkstad-oland.se\/#organization\",\"name\":\"Bilverkstad \u00d6land\",\"url\":\"https:\/\/bilverkstad-oland.se\/\",\"logo\":{\"@type\":\"ImageObject\",\"inLanguage\":\"en-US\",\"@id\":\"https:\/\/bilverkstad-oland.se\/#\/schema\/logo\/image\/\",\"url\":\"https:\/\/bilverkstad-oland.se\/wp-content\/uploads\/2024\/10\/bilverkstad.png\",\"contentUrl\":\"https:\/\/bilverkstad-oland.se\/wp-content\/uploads\/2024\/10\/bilverkstad.png\",\"width\":1434,\"height\":1459,\"caption\":\"Bilverkstad \u00d6land\"},\"image\":{\"@id\":\"https:\/\/bilverkstad-oland.se\/#\/schema\/logo\/image\/\"}}]}<\/script>\n<!-- \/ Yoast SEO plugin. -->","yoast_head_json":{"title":"BILVERKSTAD \u00d6LAND","description":"H\u00e4r hittar du l\u00e4nkar till de b\u00e4sta verkst\u00e4derna p\u00e5 \u00d6land. Reparation av MC, Moped och AC service med certifiering.","robots":{"index":"index","follow":"follow","max-snippet":"max-snippet:-1","max-image-preview":"max-image-preview:large","max-video-preview":"max-video-preview:-1"},"canonical":"https:\/\/bilverkstad-oland.se\/","og_locale":"en_US","og_type":"article","og_title":"BILVERKSTAD \u00d6LAND","og_description":"H\u00e4r hittar du l\u00e4nkar till de b\u00e4sta verkst\u00e4derna p\u00e5 \u00d6land. Reparation av MC, Moped och AC service med certifiering.","og_url":"https:\/\/bilverkstad-oland.se\/","og_site_name":"Bilverkstad \u00d6land","article_modified_time":"2024-10-28T06:25:44+00:00","og_image":[{"url":"https:\/\/bilverkstad-oland.se\/wp-content\/uploads\/2024\/10\/ac-verkstad-oland-1-300x300.png","type":"","width":"","height":""}],"twitter_card":"summary_large_image","twitter_misc":{"Est. reading time":"1 minute"},"schema":{"@context":"https:\/\/schema.org","@graph":[{"@type":"WebPage","@id":"https:\/\/bilverkstad-oland.se\/","url":"https:\/\/bilverkstad-oland.se\/","name":"BILVERKSTAD \u00d6LAND","isPartOf":{"@id":"https:\/\/bilverkstad-oland.se\/#website"},"primaryImageOfPage":{"@id":"https:\/\/bilverkstad-oland.se\/#primaryimage"},"image":{"@id":"https:\/\/bilverkstad-oland.se\/#primaryimage"},"thumbnailUrl":"https:\/\/bilverkstad-oland.se\/wp-content\/uploads\/2024\/10\/ac-verkstad-oland-1-300x300.png","datePublished":"2024-10-26T16:20:47+00:00","dateModified":"2024-10-28T06:25:44+00:00","description":"H\u00e4r hittar du l\u00e4nkar till de b\u00e4sta verkst\u00e4derna p\u00e5 \u00d6land. Reparation av MC, Moped och AC service med certifiering.","breadcrumb":{"@id":"https:\/\/bilverkstad-oland.se\/#breadcrumb"},"inLanguage":"en-US","potentialAction":[{"@type":"ReadAction","target":["https:\/\/bilverkstad-oland.se\/"]}]},{"@type":"ImageObject","inLanguage":"en-US","@id":"https:\/\/bilverkstad-oland.se\/#primaryimage","url":"https:\/\/bilverkstad-oland.se\/wp-content\/uploads\/2024\/10\/ac-verkstad-oland-1.png","contentUrl":"https:\/\/bilverkstad-oland.se\/wp-content\/uploads\/2024\/10\/ac-verkstad-oland-1.png","width":600,"height":600},{"@type":"BreadcrumbList","@id":"https:\/\/bilverkstad-oland.se\/#breadcrumb","itemListElement":[{"@type":"ListItem","position":1,"name":"Home","item":"https:\/\/bilverkstad-oland.se\/"},{"@type":"ListItem","position":2,"name":"BILVERKSTAD \u00d6LAND"}]},{"@type":"WebSite","@id":"https:\/\/bilverkstad-oland.se\/#website","url":"https:\/\/bilverkstad-oland.se\/","name":"Bilverkstad \u00d6land","description":"","publisher":{"@id":"https:\/\/bilverkstad-oland.se\/#organization"},"potentialAction":[{"@type":"SearchAction","target":{"@type":"EntryPoint","urlTemplate":"https:\/\/bilverkstad-oland.se\/?s={search_term_string}"},"query-input":{"@type":"PropertyValueSpecification","valueRequired":true,"valueName":"search_term_string"}}],"inLanguage":"en-US"},{"@type":"Organization","@id":"https:\/\/bilverkstad-oland.se\/#organization","name":"Bilverkstad \u00d6land","url":"https:\/\/bilverkstad-oland.se\/","logo":{"@type":"ImageObject","inLanguage":"en-US","@id":"https:\/\/bilverkstad-oland.se\/#\/schema\/logo\/image\/","url":"https:\/\/bilverkstad-oland.se\/wp-content\/uploads\/2024\/10\/bilverkstad.png","contentUrl":"https:\/\/bilverkstad-oland.se\/wp-content\/uploads\/2024\/10\/bilverkstad.png","width":1434,"height":1459,"caption":"Bilverkstad \u00d6land"},"image":{"@id":"https:\/\/bilverkstad-oland.se\/#\/schema\/logo\/image\/"}}]}},"_links":{"self":[{"href":"https:\/\/bilverkstad-oland.se\/index.php?rest_route=\/wp\/v2\/pages\/13","targetHints":{"allow":["GET"]}}],"collection":[{"href":"https:\/\/bilverkstad-oland.se\/index.php?rest_route=\/wp\/v2\/pages"}],"about":[{"href":"https:\/\/bilverkstad-oland.se\/index.php?rest_route=\/wp\/v2\/types\/page"}],"author":[{"embeddable":true,"href":"https:\/\/bilverkstad-oland.se\/index.php?rest_route=\/wp\/v2\/users\/1"}],"replies":[{"embeddable":true,"href":"https:\/\/bilverkstad-oland.se\/index.php?rest_route=%2Fwp%2Fv2%2Fcomments&post=13"}],"version-history":[{"count":23,"href":"https:\/\/bilverkstad-oland.se\/index.php?rest_route=\/wp\/v2\/pages\/13\/revisions"}],"predecessor-version":[{"id":95,"href":"https:\/\/bilverkstad-oland.se\/index.php?rest_route=\/wp\/v2\/pages\/13\/revisions\/95"}],"wp:attachment":[{"href":"https:\/\/bilverkstad-oland.se\/index.php?rest_route=%2Fwp%2Fv2%2Fmedia&parent=13"}],"curies":[{"name":"wp","href":"https:\/\/api.w.org\/{rel}","templated":true}]}}